{"id":1952,"date":"2025-07-30T10:31:42","date_gmt":"2025-07-30T08:31:42","guid":{"rendered":"https:\/\/www.kohlenweg12.ch\/jahresbericht-2024\/downloads\/"},"modified":"2025-10-22T18:08:53","modified_gmt":"2025-10-22T16:08:53","slug":"downloads","status":"publish","type":"page","link":"https:\/\/www.kohlenweg12.ch\/fr\/kohlenweg\/downloads\/","title":{"rendered":"T\u00e9l\u00e9chargements"},"content":{"rendered":"\n<h1 class=\"wp-block-heading\">T\u00e9l\u00e9chargements<\/h1>\n\n\n\n<div class=\"wp-block-columns is-layout-flex wp-container-core-columns-is-layout-9d6595d7 wp-block-columns-is-layout-flex\">\n<div class=\"wp-block-column is-layout-flow wp-block-column-is-layout-flow\" style=\"flex-basis:70%\">\n<p class=\"has-large-font-size\"><strong>Pr\u00e9sentation de la r\u00e9union d\u2019information<\/strong><\/p>\n<\/div>\n\n\n\n<div class=\"wp-block-column is-layout-flow wp-block-column-is-layout-flow\" style=\"flex-basis:30%\">\n<div><a class=\"c-btn\" href=\"https:\/\/www.kohlenweg12.ch\/app\/uploads\/sites\/8\/2025\/10\/Praesentation-Informationsanlass-22102025-1.pdf\">T\u00e9l\u00e9chargement PDF<\/a><\/div>\n<\/div>\n<\/div>\n\n\n\n<div class=\"wp-block-columns is-layout-flex wp-container-core-columns-is-layout-9d6595d7 wp-block-columns-is-layout-flex\">\n<div class=\"wp-block-column is-layout-flow wp-block-column-is-layout-flow\" style=\"flex-basis:70%\">\n<p class=\"has-large-font-size\"><strong>Accord de prolongation<\/strong><\/p>\n<\/div>\n\n\n\n<div class=\"wp-block-column is-layout-flow wp-block-column-is-layout-flow\" style=\"flex-basis:30%\">\n<div><a class=\"c-btn\" href=\"https:\/\/www.kohlenweg12.ch\/app\/uploads\/sites\/8\/2025\/10\/Erstreckungsvereinbarung-FR.pdf\">T\u00e9l\u00e9chargement PDF<\/a><\/div>\n<\/div>\n<\/div>\n\n\n\n<div class=\"wp-block-columns is-layout-flex wp-container-core-columns-is-layout-9d6595d7 wp-block-columns-is-layout-flex\">\n<div class=\"wp-block-column is-layout-flow wp-block-column-is-layout-flow\" style=\"flex-basis:70%\">\n<p class=\"has-large-font-size\"><strong>Formulaire Assistance aux locataires<\/strong><\/p>\n<\/div>\n\n\n\n<div class=\"wp-block-column is-layout-flow wp-block-column-is-layout-flow\" style=\"flex-basis:30%\">\n<div><a class=\"c-btn\" href=\"https:\/\/www.kohlenweg12.ch\/app\/uploads\/sites\/8\/2025\/10\/Formular_Mietersupport_FR.pdf\">T\u00e9l\u00e9chargement PDF<\/a><\/div>\n<\/div>\n<\/div>\n\n\n\n<p><\/p>\n","protected":false},"excerpt":{"rendered":"<p>T\u00e9l\u00e9chargements Pr\u00e9sentation de la r\u00e9union d\u2019information Accord de prolongation Formulaire Assistance aux locataires<\/p>\n","protected":false},"author":24,"featured_media":0,"parent":1947,"menu_order":1,"comment_status":"closed","ping_status":"closed","template":"","meta":{"_acf_changed":false,"footnotes":""},"class_list":["post-1952","page","type-page","status-publish","hentry"],"acf":[],"yoast_head":"<!-- This site is optimized with the Yoast SEO plugin v25.8 - https:\/\/yoast.com\/wordpress\/plugins\/seo\/ -->\n<title>T\u00e9l\u00e9chargements - kohlenweg<\/title>\n<meta name=\"robots\" content=\"index, follow, max-snippet:-1, max-image-preview:large, max-video-preview:-1\" \/>\n<link rel=\"canonical\" href=\"https:\/\/www.kohlenweg12.ch\/fr\/kohlenweg\/downloads\/\" \/>\n<meta property=\"og:locale\" content=\"fr_FR\" \/>\n<meta property=\"og:type\" content=\"article\" \/>\n<meta property=\"og:title\" content=\"T\u00e9l\u00e9chargements - kohlenweg\" \/>\n<meta property=\"og:description\" content=\"T\u00e9l\u00e9chargements Pr\u00e9sentation de la r\u00e9union d\u2019information Accord de prolongation Formulaire Assistance aux locataires\" \/>\n<meta property=\"og:url\" content=\"https:\/\/www.kohlenweg12.ch\/fr\/kohlenweg\/downloads\/\" \/>\n<meta property=\"og:site_name\" content=\"kohlenweg\" \/>\n<meta property=\"article:modified_time\" content=\"2025-10-22T16:08:53+00:00\" \/>\n<meta name=\"twitter:card\" content=\"summary_large_image\" \/>\n<meta name=\"twitter:label1\" content=\"Est. reading time\" \/>\n\t<meta name=\"twitter:data1\" content=\"1 minute\" \/>\n<script type=\"application\/ld+json\" class=\"yoast-schema-graph\">{\"@context\":\"https:\/\/schema.org\",\"@graph\":[{\"@type\":\"WebPage\",\"@id\":\"https:\/\/www.kohlenweg12.ch\/fr\/kohlenweg\/downloads\/\",\"url\":\"https:\/\/www.kohlenweg12.ch\/fr\/kohlenweg\/downloads\/\",\"name\":\"T\u00e9l\u00e9chargements - kohlenweg\",\"isPartOf\":{\"@id\":\"https:\/\/www.kohlenweg12.ch\/fr\/#website\"},\"datePublished\":\"2025-07-30T08:31:42+00:00\",\"dateModified\":\"2025-10-22T16:08:53+00:00\",\"breadcrumb\":{\"@id\":\"https:\/\/www.kohlenweg12.ch\/fr\/kohlenweg\/downloads\/#breadcrumb\"},\"inLanguage\":\"fr-FR\",\"potentialAction\":[{\"@type\":\"ReadAction\",\"target\":[\"https:\/\/www.kohlenweg12.ch\/fr\/kohlenweg\/downloads\/\"]}]},{\"@type\":\"BreadcrumbList\",\"@id\":\"https:\/\/www.kohlenweg12.ch\/fr\/kohlenweg\/downloads\/#breadcrumb\",\"itemListElement\":[{\"@type\":\"ListItem\",\"position\":1,\"name\":\"Home\",\"item\":\"https:\/\/www.kohlenweg12.ch\/fr\/\"},{\"@type\":\"ListItem\",\"position\":2,\"name\":\"R\u00e9novation Kohlenweg 12\",\"item\":\"https:\/\/www.kohlenweg12.ch\/fr\/\"},{\"@type\":\"ListItem\",\"position\":3,\"name\":\"T\u00e9l\u00e9chargements\"}]},{\"@type\":\"WebSite\",\"@id\":\"https:\/\/www.kohlenweg12.ch\/fr\/#website\",\"url\":\"https:\/\/www.kohlenweg12.ch\/fr\/\",\"name\":\"Kohlenweg 12 - K\u00f6niz-Liebefeld\",\"description\":\"\",\"publisher\":{\"@id\":\"https:\/\/www.kohlenweg12.ch\/fr\/#organization\"},\"potentialAction\":[{\"@type\":\"SearchAction\",\"target\":{\"@type\":\"EntryPoint\",\"urlTemplate\":\"https:\/\/www.kohlenweg12.ch\/fr\/?s={search_term_string}\"},\"query-input\":{\"@type\":\"PropertyValueSpecification\",\"valueRequired\":true,\"valueName\":\"search_term_string\"}}],\"inLanguage\":\"fr-FR\"},{\"@type\":\"Organization\",\"@id\":\"https:\/\/www.kohlenweg12.ch\/fr\/#organization\",\"name\":\"Kohlenweg 12 - K\u00f6niz-Liebefeld\",\"url\":\"https:\/\/www.kohlenweg12.ch\/fr\/\",\"logo\":{\"@type\":\"ImageObject\",\"inLanguage\":\"fr-FR\",\"@id\":\"https:\/\/www.kohlenweg12.ch\/fr\/#\/schema\/logo\/image\/\",\"url\":\"https:\/\/www.kohlenweg12.ch\/app\/uploads\/sites\/8\/2025\/10\/cropped-Logo_Icon-2.jpg\",\"contentUrl\":\"https:\/\/www.kohlenweg12.ch\/app\/uploads\/sites\/8\/2025\/10\/cropped-Logo_Icon-2.jpg\",\"width\":378,\"height\":151,\"caption\":\"Kohlenweg 12 - K\u00f6niz-Liebefeld\"},\"image\":{\"@id\":\"https:\/\/www.kohlenweg12.ch\/fr\/#\/schema\/logo\/image\/\"}}]}<\/script>\n<!-- \/ Yoast SEO plugin. -->","yoast_head_json":{"title":"T\u00e9l\u00e9chargements - kohlenweg","robots":{"index":"index","follow":"follow","max-snippet":"max-snippet:-1","max-image-preview":"max-image-preview:large","max-video-preview":"max-video-preview:-1"},"canonical":"https:\/\/www.kohlenweg12.ch\/fr\/kohlenweg\/downloads\/","og_locale":"fr_FR","og_type":"article","og_title":"T\u00e9l\u00e9chargements - kohlenweg","og_description":"T\u00e9l\u00e9chargements Pr\u00e9sentation de la r\u00e9union d\u2019information Accord de prolongation Formulaire Assistance aux locataires","og_url":"https:\/\/www.kohlenweg12.ch\/fr\/kohlenweg\/downloads\/","og_site_name":"kohlenweg","article_modified_time":"2025-10-22T16:08:53+00:00","twitter_card":"summary_large_image","twitter_misc":{"Est. reading time":"1 minute"},"schema":{"@context":"https:\/\/schema.org","@graph":[{"@type":"WebPage","@id":"https:\/\/www.kohlenweg12.ch\/fr\/kohlenweg\/downloads\/","url":"https:\/\/www.kohlenweg12.ch\/fr\/kohlenweg\/downloads\/","name":"T\u00e9l\u00e9chargements - kohlenweg","isPartOf":{"@id":"https:\/\/www.kohlenweg12.ch\/fr\/#website"},"datePublished":"2025-07-30T08:31:42+00:00","dateModified":"2025-10-22T16:08:53+00:00","breadcrumb":{"@id":"https:\/\/www.kohlenweg12.ch\/fr\/kohlenweg\/downloads\/#breadcrumb"},"inLanguage":"fr-FR","potentialAction":[{"@type":"ReadAction","target":["https:\/\/www.kohlenweg12.ch\/fr\/kohlenweg\/downloads\/"]}]},{"@type":"BreadcrumbList","@id":"https:\/\/www.kohlenweg12.ch\/fr\/kohlenweg\/downloads\/#breadcrumb","itemListElement":[{"@type":"ListItem","position":1,"name":"Home","item":"https:\/\/www.kohlenweg12.ch\/fr\/"},{"@type":"ListItem","position":2,"name":"R\u00e9novation Kohlenweg 12","item":"https:\/\/www.kohlenweg12.ch\/fr\/"},{"@type":"ListItem","position":3,"name":"T\u00e9l\u00e9chargements"}]},{"@type":"WebSite","@id":"https:\/\/www.kohlenweg12.ch\/fr\/#website","url":"https:\/\/www.kohlenweg12.ch\/fr\/","name":"Kohlenweg 12 - K\u00f6niz-Liebefeld","description":"","publisher":{"@id":"https:\/\/www.kohlenweg12.ch\/fr\/#organization"},"potentialAction":[{"@type":"SearchAction","target":{"@type":"EntryPoint","urlTemplate":"https:\/\/www.kohlenweg12.ch\/fr\/?s={search_term_string}"},"query-input":{"@type":"PropertyValueSpecification","valueRequired":true,"valueName":"search_term_string"}}],"inLanguage":"fr-FR"},{"@type":"Organization","@id":"https:\/\/www.kohlenweg12.ch\/fr\/#organization","name":"Kohlenweg 12 - K\u00f6niz-Liebefeld","url":"https:\/\/www.kohlenweg12.ch\/fr\/","logo":{"@type":"ImageObject","inLanguage":"fr-FR","@id":"https:\/\/www.kohlenweg12.ch\/fr\/#\/schema\/logo\/image\/","url":"https:\/\/www.kohlenweg12.ch\/app\/uploads\/sites\/8\/2025\/10\/cropped-Logo_Icon-2.jpg","contentUrl":"https:\/\/www.kohlenweg12.ch\/app\/uploads\/sites\/8\/2025\/10\/cropped-Logo_Icon-2.jpg","width":378,"height":151,"caption":"Kohlenweg 12 - K\u00f6niz-Liebefeld"},"image":{"@id":"https:\/\/www.kohlenweg12.ch\/fr\/#\/schema\/logo\/image\/"}}]}},"_links":{"self":[{"href":"https:\/\/www.kohlenweg12.ch\/fr\/wp-json\/wp\/v2\/pages\/1952","targetHints":{"allow":["GET"]}}],"collection":[{"href":"https:\/\/www.kohlenweg12.ch\/fr\/wp-json\/wp\/v2\/pages"}],"about":[{"href":"https:\/\/www.kohlenweg12.ch\/fr\/wp-json\/wp\/v2\/types\/page"}],"author":[{"embeddable":true,"href":"https:\/\/www.kohlenweg12.ch\/fr\/wp-json\/wp\/v2\/users\/24"}],"replies":[{"embeddable":true,"href":"https:\/\/www.kohlenweg12.ch\/fr\/wp-json\/wp\/v2\/comments?post=1952"}],"version-history":[{"count":5,"href":"https:\/\/www.kohlenweg12.ch\/fr\/wp-json\/wp\/v2\/pages\/1952\/revisions"}],"predecessor-version":[{"id":2172,"href":"https:\/\/www.kohlenweg12.ch\/fr\/wp-json\/wp\/v2\/pages\/1952\/revisions\/2172"}],"up":[{"embeddable":true,"href":"https:\/\/www.kohlenweg12.ch\/fr\/wp-json\/wp\/v2\/pages\/1947"}],"wp:attachment":[{"href":"https:\/\/www.kohlenweg12.ch\/fr\/wp-json\/wp\/v2\/media?parent=1952"}],"curies":[{"name":"wp","href":"https:\/\/api.w.org\/{rel}","templated":true}]}}